{"id":3381,"date":"2025-05-05T22:12:24","date_gmt":"2025-05-06T02:12:24","guid":{"rendered":"https:\/\/www.vmof.org\/programme-des-delegues-internationaux-de-la-vmof\/"},"modified":"2025-09-26T11:34:10","modified_gmt":"2025-09-26T15:34:10","slug":"programme-des-delegues-internationaux-de-la-vmof","status":"publish","type":"page","link":"https:\/\/www.vmof.org\/fr\/programme-des-delegues-internationaux-de-la-vmof\/","title":{"rendered":"Programme des d\u00e9l\u00e9gu\u00e9s internationaux de la VMOF"},"content":{"rendered":"\t\t<div data-elementor-type=\"wp-page\" data-elementor-id=\"3381\" class=\"elementor elementor-3381 elementor-2313\" data-elementor-post-type=\"page\">\n\t\t\t\t<div class=\"elementor-element elementor-element-3cb39b3 e-flex e-con-boxed e-con e-parent\" data-id=\"3cb39b3\" data-element_type=\"container\" data-e-type=\"container\" data-settings=\"{&quot;background_background&quot;:&quot;classic&quot;}\">\n\t\t\t\t\t<div class=\"e-con-inner\">\n\t\t<div class=\"elementor-element elementor-element-831a82e e-con-full e-flex e-con e-child\" data-id=\"831a82e\" data-element_type=\"container\" data-e-type=\"container\">\n\t\t\t\t<div class=\"elementor-element elementor-element-886f9a4 elementor-widget__width-initial elementor-widget-divider--view-line elementor-widget elementor-widget-divider\" data-id=\"886f9a4\" data-element_type=\"widget\" data-e-type=\"widget\" data-widget_type=\"divider.default\">\n\t\t\t\t<div class=\"elementor-widget-container\">\n\t\t\t\t\t\t\t<div class=\"elementor-divider\">\n\t\t\t<span class=\"elementor-divider-separator\">\n\t\t\t\t\t\t<\/span>\n\t\t<\/div>\n\t\t\t\t\t\t<\/div>\n\t\t\t\t<\/div>\n\t\t\t\t<div class=\"elementor-element elementor-element-dc00e6f elementor-widget elementor-widget-heading\" data-id=\"dc00e6f\" data-element_type=\"widget\" data-e-type=\"widget\" data-widget_type=\"heading.default\">\n\t\t\t\t<div class=\"elementor-widget-container\">\n\t\t\t\t\t<h6 class=\"elementor-heading-title elementor-size-default\">Projets internationaux<\/h6>\t\t\t\t<\/div>\n\t\t\t\t<\/div>\n\t\t\t\t<\/div>\n\t\t\t\t<div class=\"elementor-element elementor-element-8e69d4d elementor-widget__width-initial elementor-widget elementor-widget-image-box\" data-id=\"8e69d4d\" data-element_type=\"widget\" data-e-type=\"widget\" data-widget_type=\"image-box.default\">\n\t\t\t\t<div class=\"elementor-widget-container\">\n\t\t\t\t\t<div class=\"elementor-image-box-wrapper\"><div class=\"elementor-image-box-content\"><h1 class=\"elementor-image-box-title\">Programme des d\u00e9l\u00e9gu\u00e9s internationaux de la FOVM<\/h1><p class=\"elementor-image-box-description\">D'une initiative visionnaire men\u00e9e par des patients en 1996 \u00e0 un mod\u00e8le mondialement reconnu d'oncologie communautaire et multidisciplinaire, la Fondation d'oncologie Ville Marie a red\u00e9fini ce \u00e0 quoi peuvent ressembler des soins compatissants hors h\u00f4pital<\/p><\/div><\/div>\t\t\t\t<\/div>\n\t\t\t\t<\/div>\n\t\t\t\t\t<\/div>\n\t\t\t\t<\/div>\n\t\t<div class=\"elementor-element elementor-element-d56fb78 e-flex e-con-boxed e-con e-parent\" data-id=\"d56fb78\" data-element_type=\"container\" data-e-type=\"container\">\n\t\t\t\t\t<div class=\"e-con-inner\">\n\t\t<div class=\"elementor-element elementor-element-1831e95 e-con-full e-flex e-con e-child\" data-id=\"1831e95\" data-element_type=\"container\" data-e-type=\"container\">\n\t\t<div class=\"elementor-element elementor-element-49d06b0 e-con-full e-flex e-con e-child\" data-id=\"49d06b0\" data-element_type=\"container\" data-e-type=\"container\">\n\t\t\t\t<div class=\"elementor-element elementor-element-472cf82 elementor-widget elementor-widget-heading\" data-id=\"472cf82\" data-element_type=\"widget\" data-e-type=\"widget\" data-widget_type=\"heading.default\">\n\t\t\t\t<div class=\"elementor-widget-container\">\n\t\t\t\t\t<h3 class=\"elementor-heading-title elementor-size-default\">Vue d'ensemble<\/h3>\t\t\t\t<\/div>\n\t\t\t\t<\/div>\n\t\t\t\t<\/div>\n\t\t<div class=\"elementor-element elementor-element-3be1d86 e-con-full e-flex e-con e-child\" data-id=\"3be1d86\" data-element_type=\"container\" data-e-type=\"container\">\n\t\t\t\t<div class=\"elementor-element elementor-element-4d3f706 elementor-widget-divider--view-line elementor-widget elementor-widget-divider\" data-id=\"4d3f706\" data-element_type=\"widget\" data-e-type=\"widget\" data-widget_type=\"divider.default\">\n\t\t\t\t<div class=\"elementor-widget-container\">\n\t\t\t\t\t\t\t<div class=\"elementor-divider\">\n\t\t\t<span class=\"elementor-divider-separator\">\n\t\t\t\t\t\t<\/span>\n\t\t<\/div>\n\t\t\t\t\t\t<\/div>\n\t\t\t\t<\/div>\n\t\t\t\t<div class=\"elementor-element elementor-element-48551fb elementor-widget elementor-widget-text-editor\" data-id=\"48551fb\" data-element_type=\"widget\" data-e-type=\"widget\" data-widget_type=\"text-editor.default\">\n\t\t\t\t<div class=\"elementor-widget-container\">\n\t\t\t\t\t\t\t\t\t<p>La FOVM soutient le programme de d\u00e9l\u00e9gu\u00e9s internationaux FOVM\/NCBC, initi\u00e9 par le Dr Keyserlingk, conseiller m\u00e9dical de la FOVM, qui comprend d\u00e9sormais 52 d\u00e9l\u00e9gu\u00e9s internationaux activement impliqu\u00e9s dans les soins du cancer du sein dans 41 pays \u00e0 faibles revenus et \u00e0 revenus interm\u00e9diaires de la tranche inf\u00e9rieure (PRITI).<\/p><p>Ces d\u00e9l\u00e9gu\u00e9s internationaux sont choisis pour leur expertise individuelle et pour leur participation directe aux soins du cancer du sein dans leurs pays respectifs. Leur engagement, document\u00e9 dans le cadre d\u2019un processus concurrentiel, \u00e0 affronter les d\u00e9fis et \u00e0 surmonter les obstacles aux soins du cancer du sein leur donne la cr\u00e9dibilit\u00e9 qui justifie que la FOVM offre du financement pour un mini stage de la FOVM \u00e0 des d\u00e9l\u00e9gu\u00e9s internationaux particuliers.<\/p><p><span lang=\"FR-CA\">La dur\u00e9e des mini stages sera fonction du financement accessible.<\/span><span lang=\"FR-CA\"> L<\/span><span lang=\"FR-CA\">a FOVM\u00a0et ses partenaires s\u2019efforceront d\u2019obtenir du financement pour couvrir les frais de transport a\u00e9rien, d\u2019h\u00e9bergement et de repas des d\u00e9l\u00e9gu\u00e9s internationaux des PRITI choisis, ainsi que l\u2019acc\u00e8s \u00e0 une formation multidisciplinaire gratuite sur le cancer du sein \u00e0 VM Med \u00e0 Montr\u00e9al.<\/span><\/p><p>Consultez la liste <a href=\"https:\/\/www.vmof.org\/wp-content\/uploads\/2025\/09\/PROGRAMME-DE-MINI-FELLOWSHIP_Sept2025_FR.jpg\" target=\"_blank\" rel=\"noopener\">des pays et des projets<\/a> financ\u00e9s par le FOVM et le NCBC.<\/p>\t\t\t\t\t\t\t\t<\/div>\n\t\t\t\t<\/div>\n\t\t\t\t<\/div>\n\t\t\t\t<\/div>\n\t\t\t\t\t<\/div>\n\t\t\t\t<\/div>\n\t\t<div class=\"elementor-element elementor-element-5c400fc e-flex e-con-boxed e-con e-parent\" data-id=\"5c400fc\" data-element_type=\"container\" data-e-type=\"container\" data-settings=\"{&quot;background_background&quot;:&quot;classic&quot;}\">\n\t\t\t\t\t<div class=\"e-con-inner\">\n\t\t<div class=\"elementor-element elementor-element-b11eb2c e-con-full e-flex e-con e-child\" data-id=\"b11eb2c\" data-element_type=\"container\" data-e-type=\"container\">\n\t\t\t\t<div class=\"elementor-element elementor-element-254bdd6 elementor-widget elementor-widget-heading\" data-id=\"254bdd6\" data-element_type=\"widget\" data-e-type=\"widget\" data-widget_type=\"heading.default\">\n\t\t\t\t<div class=\"elementor-widget-container\">\n\t\t\t\t\t<h3 class=\"elementor-heading-title elementor-size-default\">D\u00e9tails de la formation<\/h3>\t\t\t\t<\/div>\n\t\t\t\t<\/div>\n\t\t\t\t<div class=\"elementor-element elementor-element-78e000e elementor-widget elementor-widget-text-editor\" data-id=\"78e000e\" data-element_type=\"widget\" data-e-type=\"widget\" data-widget_type=\"text-editor.default\">\n\t\t\t\t<div class=\"elementor-widget-container\">\n\t\t\t\t\t\t\t\t\t<p>Ces possibilit\u00e9s de formation destin\u00e9es aux fournisseurs de soins de sant\u00e9 du cancer du sein de pays mal desservis seront parfois donn\u00e9es conjointement avec le <i>National Consortium of Breast Centers (NCBC)<\/i>, \u00e9galement un organisme d\u2019enseignement \u00e0 but non lucratif qui regroupe plus de mille membres sp\u00e9cialis\u00e9s dans les soins du cancer du sein dans plus de 500 centres du sein en Am\u00e9rique du Nord. VM Med est le premier centre du NCBC au Canada.<\/p><p>Les stagiaires des mini stages de la FOVM participeront \u00e0 toutes les r\u00e9unions et \u00e0 toutes les activit\u00e9s en lien avec le cancer du sein pendant leur s\u00e9jour \u00e0 VM Med, ce qui comprend des activit\u00e9s en milieu hospitalier et des conf\u00e9rences sur le cancer du sein, lorsque cela est possible, soit \u00e0 Montr\u00e9al soit ailleurs en Am\u00e9rique du Nord, y compris la Conf\u00e9rence annuelle exhaustive de 5 jours sur le cancer du sein du NCBC.<\/p><p>Les participants feront \u00e9galement une pr\u00e9sentation publique officielle pendant leur mini stage afin d\u2019accro\u00eetre la sensibilisation du public aux difficult\u00e9s des soins du cancer du sein dans un PRITI.<\/p>\t\t\t\t\t\t\t\t<\/div>\n\t\t\t\t<\/div>\n\t\t\t\t<\/div>\n\t\t<div class=\"elementor-element elementor-element-2fd87f8 e-con-full e-flex e-con e-child\" data-id=\"2fd87f8\" data-element_type=\"container\" data-e-type=\"container\" data-settings=\"{&quot;background_background&quot;:&quot;classic&quot;}\">\n\t\t\t\t<div class=\"elementor-element elementor-element-7fd4947 elementor-widget elementor-widget-spacer\" data-id=\"7fd4947\" data-element_type=\"widget\" data-e-type=\"widget\" data-widget_type=\"spacer.default\">\n\t\t\t\t<div class=\"elementor-widget-container\">\n\t\t\t\t\t\t\t<div class=\"elementor-spacer\">\n\t\t\t<div class=\"elementor-spacer-inner\"><\/div>\n\t\t<\/div>\n\t\t\t\t\t\t<\/div>\n\t\t\t\t<\/div>\n\t\t\t\t<\/div>\n\t\t\t\t\t<\/div>\n\t\t\t\t<\/div>\n\t\t<div class=\"elementor-element elementor-element-cab46e5 e-flex e-con-boxed e-con e-parent\" data-id=\"cab46e5\" data-element_type=\"container\" data-e-type=\"container\" data-settings=\"{&quot;background_background&quot;:&quot;classic&quot;}\">\n\t\t\t\t\t<div class=\"e-con-inner\">\n\t\t<div class=\"elementor-element elementor-element-a5c9767 e-con-full e-flex e-con e-child\" data-id=\"a5c9767\" data-element_type=\"container\" data-e-type=\"container\">\n\t\t\t\t<div class=\"elementor-element elementor-element-32f564b elementor-widget elementor-widget-heading\" data-id=\"32f564b\" data-element_type=\"widget\" data-e-type=\"widget\" data-widget_type=\"heading.default\">\n\t\t\t\t<div class=\"elementor-widget-container\">\n\t\t\t\t\t<h3 class=\"elementor-heading-title elementor-size-default\">Pourquoi devrais-je contribuer au financement du programme de mini stages de la FOVM ?<\/h3>\t\t\t\t<\/div>\n\t\t\t\t<\/div>\n\t\t\t\t<div class=\"elementor-element elementor-element-cebfb95 elementor-widget elementor-widget-heading\" data-id=\"cebfb95\" data-element_type=\"widget\" data-e-type=\"widget\" data-widget_type=\"heading.default\">\n\t\t\t\t<div class=\"elementor-widget-container\">\n\t\t\t\t\t<h5 class=\"elementor-heading-title elementor-size-default\">Les fournisseurs de soins de sant\u00e9 des pays mal desservis et leurs patients ont besoin de votre aide MAINTENANT !<\/h5>\t\t\t\t<\/div>\n\t\t\t\t<\/div>\n\t\t\t\t<div class=\"elementor-element elementor-element-a7f5306 elementor-widget elementor-widget-text-editor\" data-id=\"a7f5306\" data-element_type=\"widget\" data-e-type=\"widget\" data-widget_type=\"text-editor.default\">\n\t\t\t\t<div class=\"elementor-widget-container\">\n\t\t\t\t\t\t\t\t\t<p>Si vous \u00eates concern\u00e9 de quelque mani\u00e8re par les soins du cancer du sein, si vous \u00eates une patiente atteinte de cancer du sein ou si vous \u00eates simplement bien renseign\u00e9 et empathique, vous savez d\u00e9j\u00e0 \u00e0 quel point le cancer du sein peut toucher les patientes et leurs familles, m\u00eame dans les pays d\u00e9velopp\u00e9s comme le Canada&#8230; multipliez ensuite par dix la d\u00e9vastation dans les pays en d\u00e9veloppement, o\u00f9 le cancer du sein ravage actuellement des populations enti\u00e8res, dont un grand nombre sont de jeunes patientes dont la maladie a \u00e9t\u00e9 d\u00e9tect\u00e9e avec un tel retard qu\u2019elles auraient besoin de soins palliatifs qui n\u2019existent pas.<\/p>\t\t\t\t\t\t\t\t<\/div>\n\t\t\t\t<\/div>\n\t\t\t\t<\/div>\n\t\t<div class=\"elementor-element elementor-element-dbdf869 e-con-full e-flex e-con e-child\" data-id=\"dbdf869\" data-element_type=\"container\" data-e-type=\"container\" data-settings=\"{&quot;background_background&quot;:&quot;classic&quot;}\">\n\t\t\t\t<div class=\"elementor-element elementor-element-63cafe3 elementor-widget elementor-widget-spacer\" data-id=\"63cafe3\" data-element_type=\"widget\" data-e-type=\"widget\" data-widget_type=\"spacer.default\">\n\t\t\t\t<div class=\"elementor-widget-container\">\n\t\t\t\t\t\t\t<div class=\"elementor-spacer\">\n\t\t\t<div class=\"elementor-spacer-inner\"><\/div>\n\t\t<\/div>\n\t\t\t\t\t\t<\/div>\n\t\t\t\t<\/div>\n\t\t\t\t<\/div>\n\t\t\t\t\t<\/div>\n\t\t\t\t<\/div>\n\t\t<div class=\"elementor-element elementor-element-9308aa0 e-flex e-con-boxed e-con e-parent\" data-id=\"9308aa0\" data-element_type=\"container\" data-e-type=\"container\" data-settings=\"{&quot;background_background&quot;:&quot;classic&quot;}\">\n\t\t\t\t\t<div class=\"e-con-inner\">\n\t\t<div class=\"elementor-element elementor-element-63ec117 e-con-full e-flex e-con e-child\" data-id=\"63ec117\" data-element_type=\"container\" data-e-type=\"container\">\n\t\t\t\t<div class=\"elementor-element elementor-element-bccd669 elementor-widget elementor-widget-heading\" data-id=\"bccd669\" data-element_type=\"widget\" data-e-type=\"widget\" data-widget_type=\"heading.default\">\n\t\t\t\t<div class=\"elementor-widget-container\">\n\t\t\t\t\t<h3 class=\"elementor-heading-title elementor-size-default\">Votre soutien peut changer des vies\n<\/h3>\t\t\t\t<\/div>\n\t\t\t\t<\/div>\n\t\t\t\t<div class=\"elementor-element elementor-element-5febb05 elementor-widget elementor-widget-text-editor\" data-id=\"5febb05\" data-element_type=\"widget\" data-e-type=\"widget\" data-widget_type=\"text-editor.default\">\n\t\t\t\t<div class=\"elementor-widget-container\">\n\t\t\t\t\t\t\t\t\t<p><span lang=\"FR-CA\">La participation \u00e0 un mini stage de la FOVM\u00a0procurera \u00e0 nos d\u00e9l\u00e9gu\u00e9s internationaux\u00a0m\u00e9ritants des pays \u00e0 faibles revenus les outils p\u00e9dagogiques et la formation dont ils ont un besoin urgent pour aider leurs patientes \u00e0 gagner leur bataille contre le cancer du sein.<\/span><\/p><p><span lang=\"FR-CA\">Notre liste de d\u00e9l\u00e9gu\u00e9s internationaux en attente de recevoir la formation requise ne cesse de s\u2019allonger, au m\u00eame rythme que l\u2019\u00e9pid\u00e9mie mondiale de cancers du sein.<\/span><\/p><p><span lang=\"FR-CA\">Nous devons former le plus grand nombre possible de soldats-d\u00e9l\u00e9gu\u00e9s, et le plus rapidement possible pour nous assurer que nos s\u0153urs des pays moins fortun\u00e9s puissentfinalement avoir acc\u00e8s \u00e0 des soins ad\u00e9quats et dignes du cancer du sein.<\/span><\/p>\t\t\t\t\t\t\t\t<\/div>\n\t\t\t\t<\/div>\n\t\t\t\t<\/div>\n\t\t\t\t\t<\/div>\n\t\t\t\t<\/div>\n\t\t<div class=\"elementor-element elementor-element-b4abf96 e-flex e-con-boxed e-con e-parent\" data-id=\"b4abf96\" data-element_type=\"container\" data-e-type=\"container\" data-settings=\"{&quot;background_background&quot;:&quot;classic&quot;}\">\n\t\t\t\t\t<div class=\"e-con-inner\">\n\t\t<div class=\"elementor-element elementor-element-dc25c57 e-con-full e-flex e-con e-child\" data-id=\"dc25c57\" data-element_type=\"container\" data-e-type=\"container\">\n\t\t\t\t<div class=\"elementor-element elementor-element-490e9e4 elementor-widget elementor-widget-heading\" data-id=\"490e9e4\" data-element_type=\"widget\" data-e-type=\"widget\" data-widget_type=\"heading.default\">\n\t\t\t\t<div class=\"elementor-widget-container\">\n\t\t\t\t\t<h2 class=\"elementor-heading-title elementor-size-default\">Aidez \u00e0 former des professionnels du cancer du sein dans les pays mal desservis.<\/h2>\t\t\t\t<\/div>\n\t\t\t\t<\/div>\n\t\t\t\t<\/div>\n\t\t<div class=\"elementor-element elementor-element-99956bf e-con-full e-flex e-con e-child\" data-id=\"99956bf\" data-element_type=\"container\" data-e-type=\"container\">\n\t\t\t\t<div class=\"elementor-element elementor-element-a7b268d elementor-widget elementor-widget-text-editor\" data-id=\"a7b268d\" data-element_type=\"widget\" data-e-type=\"widget\" data-widget_type=\"text-editor.default\">\n\t\t\t\t<div class=\"elementor-widget-container\">\n\t\t\t\t\t\t\t\t\t<p class=\"\" data-start=\"168\" data-end=\"450\">Votre don permet de soutenir directement les d\u00e9l\u00e9gu\u00e9s internationaux par le biais du voyage, de l&rsquo;h\u00e9bergement et de la formation pratique chez VM Med, leur donnant ainsi les outils n\u00e9cessaires pour sauver des vies dans leurs communaut\u00e9s.<\/p>\t\t\t\t\t\t\t\t<\/div>\n\t\t\t\t<\/div>\n\t\t\t\t<\/div>\n\t\t<div class=\"elementor-element elementor-element-a7ff8f3 e-con-full e-flex e-con e-child\" data-id=\"a7ff8f3\" data-element_type=\"container\" data-e-type=\"container\">\n\t\t\t\t<div class=\"elementor-element elementor-element-ac5d175 elementor-align-center elementor-widget elementor-widget-button\" data-id=\"ac5d175\" data-element_type=\"widget\" data-e-type=\"widget\" data-widget_type=\"button.default\">\n\t\t\t\t<div class=\"elementor-widget-container\">\n\t\t\t\t\t\t\t\t\t<div class=\"elementor-button-wrapper\">\n\t\t\t\t\t<a class=\"elementor-button elementor-button-link elementor-size-sm\" href=\"https:\/\/www.canadahelps.org\/en\/charities\/ville-marie-oncology-foundation-fondation-doncologie-ville-marie\/\" target=\"_blank\" rel=\"noopener\">\n\t\t\t\t\t\t<span class=\"elementor-button-content-wrapper\">\n\t\t\t\t\t\t\t\t\t<span class=\"elementor-button-text\">Faire un don<\/span>\n\t\t\t\t\t<\/span>\n\t\t\t\t\t<\/a>\n\t\t\t\t<\/div>\n\t\t\t\t\t\t\t\t<\/div>\n\t\t\t\t<\/div>\n\t\t\t\t<\/div>\n\t\t\t\t\t<\/div>\n\t\t\t\t<\/div>\n\t\t\t\t<\/div>\n\t\t","protected":false},"excerpt":{"rendered":"<p>Projets internationaux Programme des d\u00e9l\u00e9gu\u00e9s internationaux de la FOVM D&rsquo;une initiative visionnaire men\u00e9e par des patients en 1996 \u00e0 un mod\u00e8le mondialement reconnu d&rsquo;oncologie communautaire et multidisciplinaire, la Fondation d&rsquo;oncologie Ville Marie a red\u00e9fini ce \u00e0 quoi peuvent ressembler des soins compatissants hors h\u00f4pital Vue d&rsquo;ensemble La FOVM soutient le programme de d\u00e9l\u00e9gu\u00e9s internationaux FOVM\/NCBC, [&hellip;]<\/p>\n","protected":false},"author":1,"featured_media":0,"parent":0,"menu_order":0,"comment_status":"closed","ping_status":"closed","template":"","meta":{"site-sidebar-layout":"no-sidebar","site-content-layout":"page-builder","ast-site-content-layout":"full-width-container","site-content-style":"default","site-sidebar-style":"default","ast-global-header-display":"","ast-banner-title-visibility":"disabled","ast-main-header-display":"","ast-hfb-above-header-display":"","ast-hfb-below-header-display":"","ast-hfb-mobile-header-display":"","site-post-title":"disabled","ast-breadcrumbs-content":"","ast-featured-img":"disabled","footer-sml-layout":"","ast-disable-related-posts":"","theme-transparent-header-meta":"enabled","adv-header-id-meta":"","stick-header-meta":"","header-above-stick-meta":"","header-main-stick-meta":"","header-below-stick-meta":"","astra-migrate-meta-layouts":"default","ast-page-background-enabled":"default","ast-page-background-meta":{"desktop":{"background-color":"var(--ast-global-color-4)","background-image":"","background-repeat":"repeat","background-position":"center center","background-size":"auto","background-attachment":"scroll","background-type":"","background-media":"","overlay-type":"","overlay-color":"","overlay-opacity":"","overlay-gradient":""},"tablet":{"background-color":"","background-image":"","background-repeat":"repeat","background-position":"center center","background-size":"auto","background-attachment":"scroll","background-type":"","background-media":"","overlay-type":"","overlay-color":"","overlay-opacity":"","overlay-gradient":""},"mobile":{"background-color":"","background-image":"","background-repeat":"repeat","background-position":"center center","background-size":"auto","background-attachment":"scroll","background-type":"","background-media":"","overlay-type":"","overlay-color":"","overlay-opacity":"","overlay-gradient":""}},"ast-content-background-meta":{"desktop":{"background-color":"var(--ast-global-color-5)","background-image":"","background-repeat":"repeat","background-position":"center center","background-size":"auto","background-attachment":"scroll","background-type":"","background-media":"","overlay-type":"","overlay-color":"","overlay-opacity":"","overlay-gradient":""},"tablet":{"background-color":"var(--ast-global-color-5)","background-image":"","background-repeat":"repeat","background-position":"center center","background-size":"auto","background-attachment":"scroll","background-type":"","background-media":"","overlay-type":"","overlay-color":"","overlay-opacity":"","overlay-gradient":""},"mobile":{"background-color":"var(--ast-global-color-5)","background-image":"","background-repeat":"repeat","background-position":"center center","background-size":"auto","background-attachment":"scroll","background-type":"","background-media":"","overlay-type":"","overlay-color":"","overlay-opacity":"","overlay-gradient":""}},"footnotes":""},"class_list":["post-3381","page","type-page","status-publish","hentry"],"_links":{"self":[{"href":"https:\/\/www.vmof.org\/fr\/wp-json\/wp\/v2\/pages\/3381","targetHints":{"allow":["GET"]}}],"collection":[{"href":"https:\/\/www.vmof.org\/fr\/wp-json\/wp\/v2\/pages"}],"about":[{"href":"https:\/\/www.vmof.org\/fr\/wp-json\/wp\/v2\/types\/page"}],"author":[{"embeddable":true,"href":"https:\/\/www.vmof.org\/fr\/wp-json\/wp\/v2\/users\/1"}],"replies":[{"embeddable":true,"href":"https:\/\/www.vmof.org\/fr\/wp-json\/wp\/v2\/comments?post=3381"}],"version-history":[{"count":0,"href":"https:\/\/www.vmof.org\/fr\/wp-json\/wp\/v2\/pages\/3381\/revisions"}],"wp:attachment":[{"href":"https:\/\/www.vmof.org\/fr\/wp-json\/wp\/v2\/media?parent=3381"}],"curies":[{"name":"wp","href":"https:\/\/api.w.org\/{rel}","templated":true}]}}