{"id":3394,"date":"2025-05-05T21:50:51","date_gmt":"2025-05-06T01:50:51","guid":{"rendered":"https:\/\/www.vmof.org\/international\/"},"modified":"2025-09-24T13:45:35","modified_gmt":"2025-09-24T17:45:35","slug":"internationale","status":"publish","type":"page","link":"https:\/\/www.vmof.org\/fr\/internationale\/","title":{"rendered":"Internationale"},"content":{"rendered":"\t\t<div data-elementor-type=\"wp-page\" data-elementor-id=\"3394\" class=\"elementor elementor-3394 elementor-2298\" data-elementor-post-type=\"page\">\n\t\t\t\t<div class=\"elementor-element elementor-element-1531825 e-flex e-con-boxed e-con e-parent\" data-id=\"1531825\" data-element_type=\"container\" data-e-type=\"container\" data-settings=\"{&quot;background_background&quot;:&quot;classic&quot;}\">\n\t\t\t\t\t<div class=\"e-con-inner\">\n\t\t\t\t<div class=\"elementor-element elementor-element-1b8baa2 elementor-widget elementor-widget-image-box\" data-id=\"1b8baa2\" data-element_type=\"widget\" data-e-type=\"widget\" data-widget_type=\"image-box.default\">\n\t\t\t\t<div class=\"elementor-widget-container\">\n\t\t\t\t\t<div class=\"elementor-image-box-wrapper\"><div class=\"elementor-image-box-content\"><h1 class=\"elementor-image-box-title\">Mission internationale<\/h1><p class=\"elementor-image-box-description\">D\u00e9couvrez comment notre organisation \u00e0 but non lucratif \u0153uvre \u00e0 la construction d'un monde meilleur gr\u00e2ce \u00e0 ses programmes et initiatives \u00e0 fort impact.<\/p><\/div><\/div>\t\t\t\t<\/div>\n\t\t\t\t<\/div>\n\t\t\t\t\t<\/div>\n\t\t\t\t<\/div>\n\t\t<div class=\"elementor-element elementor-element-c7bf482 e-flex e-con-boxed e-con e-parent\" data-id=\"c7bf482\" data-element_type=\"container\" data-e-type=\"container\" data-settings=\"{&quot;background_background&quot;:&quot;classic&quot;}\">\n\t\t\t\t\t<div class=\"e-con-inner\">\n\t\t<div class=\"elementor-element elementor-element-95cf003 e-con-full e-flex e-con e-child\" data-id=\"95cf003\" data-element_type=\"container\" data-e-type=\"container\">\n\t\t\t\t<div class=\"elementor-element elementor-element-6a8fc23 elementor-widget elementor-widget-heading\" data-id=\"6a8fc23\" data-element_type=\"widget\" data-e-type=\"widget\" data-widget_type=\"heading.default\">\n\t\t\t\t<div class=\"elementor-widget-container\">\n\t\t\t\t\t<h2 class=\"elementor-heading-title elementor-size-default\">Mission mondiale<\/h2>\t\t\t\t<\/div>\n\t\t\t\t<\/div>\n\t\t\t\t<div class=\"elementor-element elementor-element-894d387 elementor-widget-divider--view-line elementor-widget elementor-widget-divider\" data-id=\"894d387\" data-element_type=\"widget\" data-e-type=\"widget\" data-widget_type=\"divider.default\">\n\t\t\t\t<div class=\"elementor-widget-container\">\n\t\t\t\t\t\t\t<div class=\"elementor-divider\">\n\t\t\t<span class=\"elementor-divider-separator\">\n\t\t\t\t\t\t<\/span>\n\t\t<\/div>\n\t\t\t\t\t\t<\/div>\n\t\t\t\t<\/div>\n\t\t\t\t<div class=\"elementor-element elementor-element-bf823e1 elementor-widget elementor-widget-heading\" data-id=\"bf823e1\" data-element_type=\"widget\" data-e-type=\"widget\" data-widget_type=\"heading.default\">\n\t\t\t\t<div class=\"elementor-widget-container\">\n\t\t\t\t\t<p class=\"elementor-heading-title elementor-size-default\">Alors que la survie des patientes atteintes de cancer du sein d\u2019Am\u00e9rique du Nord s\u2019est consid\u00e9rablement am\u00e9lior\u00e9e au cours des trois derni\u00e8res d\u00e9cennies, le contraire se produit actuellement dans les pays \u00e0 faibles revenus et \u00e0 revenus interm\u00e9diaires de la tranche inf\u00e9rieure (PRITI), selon la d\u00e9finition de la Banque mondiale, dans lesquels l\u2019incidence et la mortalit\u00e9 du cancer du sein augmentent rapidement. La grande majorit\u00e9 des patientes atteintes de cancer du sein \u00e0 l\u2019\u00e9chelle mondiale proviennent \u00e0 pr\u00e9sent des PRITI. Malheureusement, un trop grand nombre de ces patientes sont jeunes et\/ou pr\u00e9sentent une maladie \u00e0 un stade d\u00e9j\u00e0 avanc\u00e9, puisqu\u2019elles n\u2019ont pas acc\u00e8s \u00e0 l\u2019expertise et \u00e0 la technologie n\u00e9cessaires pour b\u00e9n\u00e9ficier d\u2019une d\u00e9tection pr\u00e9coce et d\u2019une prise en charge efficace.<\/p>\t\t\t\t<\/div>\n\t\t\t\t<\/div>\n\t\t\t\t<\/div>\n\t\t<div class=\"elementor-element elementor-element-dc78d96 e-con-full e-flex e-con e-child\" data-id=\"dc78d96\" data-element_type=\"container\" data-e-type=\"container\" data-settings=\"{&quot;background_background&quot;:&quot;classic&quot;}\">\n\t\t\t\t<div class=\"elementor-element elementor-element-149dcf2 elementor-widget elementor-widget-spacer\" data-id=\"149dcf2\" data-element_type=\"widget\" data-e-type=\"widget\" data-widget_type=\"spacer.default\">\n\t\t\t\t<div class=\"elementor-widget-container\">\n\t\t\t\t\t\t\t<div class=\"elementor-spacer\">\n\t\t\t<div class=\"elementor-spacer-inner\"><\/div>\n\t\t<\/div>\n\t\t\t\t\t\t<\/div>\n\t\t\t\t<\/div>\n\t\t\t\t<\/div>\n\t\t\t\t\t<\/div>\n\t\t\t\t<\/div>\n\t\t<div class=\"elementor-element elementor-element-6b721eb e-flex e-con-boxed e-con e-parent\" data-id=\"6b721eb\" data-element_type=\"container\" data-e-type=\"container\">\n\t\t\t\t\t<div class=\"e-con-inner\">\n\t\t<div class=\"elementor-element elementor-element-64d6771 e-con-full e-flex e-con e-child\" data-id=\"64d6771\" data-element_type=\"container\" data-e-type=\"container\" data-settings=\"{&quot;background_background&quot;:&quot;classic&quot;}\">\n\t\t\t\t<div class=\"elementor-element elementor-element-642aed7 elementor-widget elementor-widget-image\" data-id=\"642aed7\" data-element_type=\"widget\" data-e-type=\"widget\" data-widget_type=\"image.default\">\n\t\t\t\t<div class=\"elementor-widget-container\">\n\t\t\t\t\t\t\t\t\t\t\t\t\t\t\t\t<a href=\"https:\/\/www.vmof.org\/fr\/programme-des-delegues-internationaux-de-la-vmof\/\">\n\t\t\t\t\t\t\t<img fetchpriority=\"high\" decoding=\"async\" width=\"1024\" height=\"677\" src=\"https:\/\/www.vmof.org\/wp-content\/uploads\/2025\/06\/1212312-copy-1024x677.webp\" class=\"attachment-large size-large wp-image-3356\" alt=\"\" srcset=\"https:\/\/www.vmof.org\/wp-content\/uploads\/2025\/06\/1212312-copy-1024x677.webp 1024w, https:\/\/www.vmof.org\/wp-content\/uploads\/2025\/06\/1212312-copy-300x198.webp 300w, https:\/\/www.vmof.org\/wp-content\/uploads\/2025\/06\/1212312-copy-768x508.webp 768w, https:\/\/www.vmof.org\/wp-content\/uploads\/2025\/06\/1212312-copy-1536x1015.webp 1536w, https:\/\/www.vmof.org\/wp-content\/uploads\/2025\/06\/1212312-copy.webp 1920w\" sizes=\"(max-width: 1024px) 100vw, 1024px\" \/>\t\t\t\t\t\t\t\t<\/a>\n\t\t\t\t\t\t\t\t\t\t\t\t\t\t\t<\/div>\n\t\t\t\t<\/div>\n\t\t\t\t<div class=\"elementor-element elementor-element-17e7e7d elementor-widget elementor-widget-heading\" data-id=\"17e7e7d\" data-element_type=\"widget\" data-e-type=\"widget\" data-widget_type=\"heading.default\">\n\t\t\t\t<div class=\"elementor-widget-container\">\n\t\t\t\t\t<h3 class=\"elementor-heading-title elementor-size-default\">Programme de d\u00e9l\u00e9gu\u00e9s internationaux et de mini stages<\/h3>\t\t\t\t<\/div>\n\t\t\t\t<\/div>\n\t\t\t\t<div class=\"elementor-element elementor-element-206c90a elementor-widget elementor-widget-heading\" data-id=\"206c90a\" data-element_type=\"widget\" data-e-type=\"widget\" data-widget_type=\"heading.default\">\n\t\t\t\t<div class=\"elementor-widget-container\">\n\t\t\t\t\t<h5 class=\"elementor-heading-title elementor-size-default\">Formation de leaders en mati\u00e8re de cancer du sein dans les pays mal desservis<\/h5>\t\t\t\t<\/div>\n\t\t\t\t<\/div>\n\t\t\t\t<div class=\"elementor-element elementor-element-a387192 elementor-widget elementor-widget-text-editor\" data-id=\"a387192\" data-element_type=\"widget\" data-e-type=\"widget\" data-widget_type=\"text-editor.default\">\n\t\t\t\t<div class=\"elementor-widget-container\">\n\t\t\t\t\t\t\t\t\t<p>Le FOVM soutient des fournisseurs de soins de sant\u00e9 s\u00e9lectionn\u00e9s issus de pays \u00e0 faibles ressources par le biais de mini stages \u00e0 VM Med. Ces programmes immersifs offrent une formation multidisciplinaire pro bono sur le cancer du sein et l&rsquo;acc\u00e8s \u00e0 des conf\u00e9rences internationales, permettant aux d\u00e9l\u00e9gu\u00e9s de rentrer chez eux avec des connaissances et des outils qui peuvent sauver des vies.<\/p>\t\t\t\t\t\t\t\t<\/div>\n\t\t\t\t<\/div>\n\t\t\t\t<div class=\"elementor-element elementor-element-4c5d299 elementor-widget elementor-widget-button\" data-id=\"4c5d299\" data-element_type=\"widget\" data-e-type=\"widget\" data-widget_type=\"button.default\">\n\t\t\t\t<div class=\"elementor-widget-container\">\n\t\t\t\t\t\t\t\t\t<div class=\"elementor-button-wrapper\">\n\t\t\t\t\t<a class=\"elementor-button elementor-button-link elementor-size-sm\" href=\"https:\/\/www.vmof.org\/fr\/programme-des-delegues-internationaux-de-la-vmof\/\">\n\t\t\t\t\t\t<span class=\"elementor-button-content-wrapper\">\n\t\t\t\t\t\t<span class=\"elementor-button-icon\">\n\t\t\t\t<svg aria-hidden=\"true\" class=\"e-font-icon-svg e-fas-long-arrow-alt-right\" viewBox=\"0 0 448 512\" xmlns=\"http:\/\/www.w3.org\/2000\/svg\"><path d=\"M313.941 216H12c-6.627 0-12 5.373-12 12v56c0 6.627 5.373 12 12 12h301.941v46.059c0 21.382 25.851 32.09 40.971 16.971l86.059-86.059c9.373-9.373 9.373-24.569 0-33.941l-86.059-86.059c-15.119-15.119-40.971-4.411-40.971 16.971V216z\"><\/path><\/svg>\t\t\t<\/span>\n\t\t\t\t\t\t\t\t\t<span class=\"elementor-button-text\">Lire la suite<\/span>\n\t\t\t\t\t<\/span>\n\t\t\t\t\t<\/a>\n\t\t\t\t<\/div>\n\t\t\t\t\t\t\t\t<\/div>\n\t\t\t\t<\/div>\n\t\t\t\t<\/div>\n\t\t<div class=\"elementor-element elementor-element-1e17c04 e-con-full e-flex e-con e-child\" data-id=\"1e17c04\" data-element_type=\"container\" data-e-type=\"container\">\n\t\t\t\t<div class=\"elementor-element elementor-element-d3b8173 elementor-widget elementor-widget-heading\" data-id=\"d3b8173\" data-element_type=\"widget\" data-e-type=\"widget\" data-widget_type=\"heading.default\">\n\t\t\t\t<div class=\"elementor-widget-container\">\n\t\t\t\t\t<h2 class=\"elementor-heading-title elementor-size-default\">Soutenir les fournisseurs de soins de sant\u00e9<\/h2>\t\t\t\t<\/div>\n\t\t\t\t<\/div>\n\t\t\t\t<div class=\"elementor-element elementor-element-7916096 elementor-widget-divider--view-line elementor-widget elementor-widget-divider\" data-id=\"7916096\" data-element_type=\"widget\" data-e-type=\"widget\" data-widget_type=\"divider.default\">\n\t\t\t\t<div class=\"elementor-widget-container\">\n\t\t\t\t\t\t\t<div class=\"elementor-divider\">\n\t\t\t<span class=\"elementor-divider-separator\">\n\t\t\t\t\t\t<\/span>\n\t\t<\/div>\n\t\t\t\t\t\t<\/div>\n\t\t\t\t<\/div>\n\t\t\t\t<div class=\"elementor-element elementor-element-243d1f1 elementor-widget elementor-widget-text-editor\" data-id=\"243d1f1\" data-element_type=\"widget\" data-e-type=\"widget\" data-widget_type=\"text-editor.default\">\n\t\t\t\t<div class=\"elementor-widget-container\">\n\t\t\t\t\t\t\t\t\tLes d\u00e9l\u00e9gu\u00e9s internationaux sont choisis pour leur expertise individuelle et leur implication directe dans le traitement du cancer du sein dans leurs pays respectifs.\t\t\t\t\t\t\t\t<\/div>\n\t\t\t\t<\/div>\n\t\t\t\t<\/div>\n\t\t\t\t\t<\/div>\n\t\t\t\t<\/div>\n\t\t\t\t<\/div>\n\t\t","protected":false},"excerpt":{"rendered":"<p>Mission internationale D\u00e9couvrez comment notre organisation \u00e0 but non lucratif \u0153uvre \u00e0 la construction d&rsquo;un monde meilleur gr\u00e2ce \u00e0 ses programmes et initiatives \u00e0 fort impact. Mission mondiale Alors que la survie des patientes atteintes de cancer du sein d\u2019Am\u00e9rique du Nord s\u2019est consid\u00e9rablement am\u00e9lior\u00e9e au cours des trois derni\u00e8res d\u00e9cennies, le contraire se produit [&hellip;]<\/p>\n","protected":false},"author":1,"featured_media":0,"parent":0,"menu_order":0,"comment_status":"closed","ping_status":"closed","template":"elementor_header_footer","meta":{"site-sidebar-layout":"no-sidebar","site-content-layout":"page-builder","ast-site-content-layout":"full-width-container","site-content-style":"default","site-sidebar-style":"default","ast-global-header-display":"","ast-banner-title-visibility":"disabled","ast-main-header-display":"","ast-hfb-above-header-display":"","ast-hfb-below-header-display":"","ast-hfb-mobile-header-display":"","site-post-title":"disabled","ast-breadcrumbs-content":"","ast-featured-img":"disabled","footer-sml-layout":"","ast-disable-related-posts":"","theme-transparent-header-meta":"enabled","adv-header-id-meta":"","stick-header-meta":"","header-above-stick-meta":"","header-main-stick-meta":"","header-below-stick-meta":"","astra-migrate-meta-layouts":"default","ast-page-background-enabled":"default","ast-page-background-meta":{"desktop":{"background-color":"var(--ast-global-color-4)","background-image":"","background-repeat":"repeat","background-position":"center center","background-size":"auto","background-attachment":"scroll","background-type":"","background-media":"","overlay-type":"","overlay-color":"","overlay-opacity":"","overlay-gradient":""},"tablet":{"background-color":"","background-image":"","background-repeat":"repeat","background-position":"center center","background-size":"auto","background-attachment":"scroll","background-type":"","background-media":"","overlay-type":"","overlay-color":"","overlay-opacity":"","overlay-gradient":""},"mobile":{"background-color":"","background-image":"","background-repeat":"repeat","background-position":"center center","background-size":"auto","background-attachment":"scroll","background-type":"","background-media":"","overlay-type":"","overlay-color":"","overlay-opacity":"","overlay-gradient":""}},"ast-content-background-meta":{"desktop":{"background-color":"var(--ast-global-color-5)","background-image":"","background-repeat":"repeat","background-position":"center center","background-size":"auto","background-attachment":"scroll","background-type":"","background-media":"","overlay-type":"","overlay-color":"","overlay-opacity":"","overlay-gradient":""},"tablet":{"background-color":"var(--ast-global-color-5)","background-image":"","background-repeat":"repeat","background-position":"center center","background-size":"auto","background-attachment":"scroll","background-type":"","background-media":"","overlay-type":"","overlay-color":"","overlay-opacity":"","overlay-gradient":""},"mobile":{"background-color":"var(--ast-global-color-5)","background-image":"","background-repeat":"repeat","background-position":"center center","background-size":"auto","background-attachment":"scroll","background-type":"","background-media":"","overlay-type":"","overlay-color":"","overlay-opacity":"","overlay-gradient":""}},"footnotes":""},"class_list":["post-3394","page","type-page","status-publish","hentry"],"_links":{"self":[{"href":"https:\/\/www.vmof.org\/fr\/wp-json\/wp\/v2\/pages\/3394","targetHints":{"allow":["GET"]}}],"collection":[{"href":"https:\/\/www.vmof.org\/fr\/wp-json\/wp\/v2\/pages"}],"about":[{"href":"https:\/\/www.vmof.org\/fr\/wp-json\/wp\/v2\/types\/page"}],"author":[{"embeddable":true,"href":"https:\/\/www.vmof.org\/fr\/wp-json\/wp\/v2\/users\/1"}],"replies":[{"embeddable":true,"href":"https:\/\/www.vmof.org\/fr\/wp-json\/wp\/v2\/comments?post=3394"}],"version-history":[{"count":0,"href":"https:\/\/www.vmof.org\/fr\/wp-json\/wp\/v2\/pages\/3394\/revisions"}],"wp:attachment":[{"href":"https:\/\/www.vmof.org\/fr\/wp-json\/wp\/v2\/media?parent=3394"}],"curies":[{"name":"wp","href":"https:\/\/api.w.org\/{rel}","templated":true}]}}