{"id":3399,"date":"2025-06-23T11:00:50","date_gmt":"2025-06-23T15:00:50","guid":{"rendered":"https:\/\/www.vmof.org\/evenements\/"},"modified":"2025-09-26T11:47:05","modified_gmt":"2025-09-26T15:47:05","slug":"evenements","status":"publish","type":"page","link":"https:\/\/www.vmof.org\/fr\/evenements\/","title":{"rendered":"Ev\u00e9nements"},"content":{"rendered":"\t\t<div data-elementor-type=\"wp-page\" data-elementor-id=\"3399\" class=\"elementor elementor-3399 elementor-3066\" data-elementor-post-type=\"page\">\n\t\t\t\t<div class=\"elementor-element elementor-element-3cb39b3 e-flex e-con-boxed e-con e-parent\" data-id=\"3cb39b3\" data-element_type=\"container\" data-e-type=\"container\" data-settings=\"{&quot;background_background&quot;:&quot;classic&quot;}\">\n\t\t\t\t\t<div class=\"e-con-inner\">\n\t\t\t\t<div class=\"elementor-element elementor-element-8e69d4d elementor-widget__width-initial elementor-widget elementor-widget-image-box\" data-id=\"8e69d4d\" data-element_type=\"widget\" data-e-type=\"widget\" data-widget_type=\"image-box.default\">\n\t\t\t\t<div class=\"elementor-widget-container\">\n\t\t\t\t\t<div class=\"elementor-image-box-wrapper\"><div class=\"elementor-image-box-content\"><h1 class=\"elementor-image-box-title\">Ev\u00e9nements<\/h1><p class=\"elementor-image-box-description\">\u00c0 la Fondation d'oncologie Ville Marie (FOVM), nos \u00e9v\u00e9nements sont plus que des rassemblements - ce sont des moments d'impact, de connexion et de raison d'\u00eatre. Par le biais de d\u00eeners intimes, d'exp\u00e9riences culturelles et de campagnes de sensibilisation, nous recueillons un soutien vital pour les soins li\u00e9s au cancer du sein au Canada et ailleurs.\n<br><br>Nous vous invitons \u00e0 d\u00e9couvrir nos prochaines initiatives et les faits marquants du pass\u00e9, alors que nous poursuivons notre mission de pr\u00e9vention, de d\u00e9tection pr\u00e9coce, d'acc\u00e8s aux traitements et de survie.<\/p><\/div><\/div>\t\t\t\t<\/div>\n\t\t\t\t<\/div>\n\t\t\t\t\t<\/div>\n\t\t\t\t<\/div>\n\t\t<div class=\"elementor-element elementor-element-7f4d10a e-flex e-con-boxed e-con e-parent\" data-id=\"7f4d10a\" data-element_type=\"container\" data-e-type=\"container\" data-settings=\"{&quot;background_background&quot;:&quot;classic&quot;}\">\n\t\t\t\t\t<div class=\"e-con-inner\">\n\t\t\t\t<div class=\"elementor-element elementor-element-db3e6ee elementor-widget elementor-widget-heading\" data-id=\"db3e6ee\" data-element_type=\"widget\" data-e-type=\"widget\" data-widget_type=\"heading.default\">\n\t\t\t\t<div class=\"elementor-widget-container\">\n\t\t\t\t\t<h2 class=\"elementor-heading-title elementor-size-default\">\u00c9v\u00e9nements \u00e0 venir<\/h2>\t\t\t\t<\/div>\n\t\t\t\t<\/div>\n\t\t\t\t\t<\/div>\n\t\t\t\t<\/div>\n\t\t<div class=\"elementor-element elementor-element-9297bf1 e-grid e-con-boxed e-con e-parent\" data-id=\"9297bf1\" data-element_type=\"container\" data-e-type=\"container\" data-settings=\"{&quot;background_background&quot;:&quot;classic&quot;}\">\n\t\t\t\t\t<div class=\"e-con-inner\">\n\t\t<div class=\"elementor-element elementor-element-f275db0 e-con-full e-flex e-con e-child\" data-id=\"f275db0\" data-element_type=\"container\" data-e-type=\"container\" data-settings=\"{&quot;background_background&quot;:&quot;classic&quot;}\">\n\t\t<div class=\"elementor-element elementor-element-8966ca8 e-con-full e-flex e-con e-child\" data-id=\"8966ca8\" data-element_type=\"container\" data-e-type=\"container\" data-settings=\"{&quot;background_background&quot;:&quot;classic&quot;}\">\n\t\t\t\t<div class=\"elementor-element elementor-element-606fd2f elementor-widget elementor-widget-spacer\" data-id=\"606fd2f\" data-element_type=\"widget\" data-e-type=\"widget\" data-widget_type=\"spacer.default\">\n\t\t\t\t<div class=\"elementor-widget-container\">\n\t\t\t\t\t\t\t<div class=\"elementor-spacer\">\n\t\t\t<div class=\"elementor-spacer-inner\"><\/div>\n\t\t<\/div>\n\t\t\t\t\t\t<\/div>\n\t\t\t\t<\/div>\n\t\t\t\t<\/div>\n\t\t<div class=\"elementor-element elementor-element-9cc530e e-con-full e-flex e-con e-child\" data-id=\"9cc530e\" data-element_type=\"container\" data-e-type=\"container\">\n\t\t\t\t<div class=\"elementor-element elementor-element-5cf6cc9 elementor-widget__width-initial elementor-widget elementor-widget-heading\" data-id=\"5cf6cc9\" data-element_type=\"widget\" data-e-type=\"widget\" data-widget_type=\"heading.default\">\n\t\t\t\t<div class=\"elementor-widget-container\">\n\t\t\t\t\t<h4 class=\"elementor-heading-title elementor-size-default\">Soir\u00e9e FOVM<\/h4>\t\t\t\t<\/div>\n\t\t\t\t<\/div>\n\t\t\t\t<div class=\"elementor-element elementor-element-6a5cc98 elementor-widget__width-initial elementor-widget elementor-widget-heading\" data-id=\"6a5cc98\" data-element_type=\"widget\" data-e-type=\"widget\" data-widget_type=\"heading.default\">\n\t\t\t\t<div class=\"elementor-widget-container\">\n\t\t\t\t\t<h6 class=\"elementor-heading-title elementor-size-default\">Date : A annoncer<\/h6>\t\t\t\t<\/div>\n\t\t\t\t<\/div>\n\t\t\t\t<div class=\"elementor-element elementor-element-3dbb410 elementor-widget elementor-widget-text-editor\" data-id=\"3dbb410\" data-element_type=\"widget\" data-e-type=\"widget\" data-widget_type=\"text-editor.default\">\n\t\t\t\t<div class=\"elementor-widget-container\">\n\t\t\t\t\t\t\t\t\t<p><strong>Pr\u00e9sentation de l&rsquo;essai clinique pilote<br><\/strong> Donner aux patientes les moyens d&rsquo;optimiser la prise en charge du cancer du sein<\/p>\t\t\t\t\t\t\t\t<\/div>\n\t\t\t\t<\/div>\n\t\t\t\t<div class=\"elementor-element elementor-element-02b9735 elementor-widget elementor-widget-button\" data-id=\"02b9735\" data-element_type=\"widget\" data-e-type=\"widget\" data-widget_type=\"button.default\">\n\t\t\t\t<div class=\"elementor-widget-container\">\n\t\t\t\t\t\t\t\t\t<div class=\"elementor-button-wrapper\">\n\t\t\t\t\t<a class=\"elementor-button elementor-button-link elementor-size-sm\" href=\"#\">\n\t\t\t\t\t\t<span class=\"elementor-button-content-wrapper\">\n\t\t\t\t\t\t\t\t\t<span class=\"elementor-button-text\">Plus d'informations<\/span>\n\t\t\t\t\t<\/span>\n\t\t\t\t\t<\/a>\n\t\t\t\t<\/div>\n\t\t\t\t\t\t\t\t<\/div>\n\t\t\t\t<\/div>\n\t\t\t\t<\/div>\n\t\t\t\t<\/div>\n\t\t\t\t\t<\/div>\n\t\t\t\t<\/div>\n\t\t<div class=\"elementor-element elementor-element-6c3be5e e-flex e-con-boxed e-con e-parent\" data-id=\"6c3be5e\" data-element_type=\"container\" data-e-type=\"container\" data-settings=\"{&quot;background_background&quot;:&quot;classic&quot;}\">\n\t\t\t\t\t<div class=\"e-con-inner\">\n\t\t\t\t<div class=\"elementor-element elementor-element-fdde76a elementor-widget elementor-widget-heading\" data-id=\"fdde76a\" data-element_type=\"widget\" data-e-type=\"widget\" data-widget_type=\"heading.default\">\n\t\t\t\t<div class=\"elementor-widget-container\">\n\t\t\t\t\t<h2 class=\"elementor-heading-title elementor-size-default\">\u00c9v\u00e9nements pass\u00e9s<\/h2>\t\t\t\t<\/div>\n\t\t\t\t<\/div>\n\t\t\t\t\t<\/div>\n\t\t\t\t<\/div>\n\t\t<div class=\"elementor-element elementor-element-ac62f42 e-grid e-con-boxed e-con e-parent\" data-id=\"ac62f42\" data-element_type=\"container\" data-e-type=\"container\" data-settings=\"{&quot;background_background&quot;:&quot;classic&quot;}\">\n\t\t\t\t\t<div class=\"e-con-inner\">\n\t\t<div class=\"elementor-element elementor-element-d162ba2 e-con-full e-flex e-con e-child\" data-id=\"d162ba2\" data-element_type=\"container\" data-e-type=\"container\" data-settings=\"{&quot;background_background&quot;:&quot;classic&quot;}\">\n\t\t<div class=\"elementor-element elementor-element-1c5736f e-con-full e-flex e-con e-child\" data-id=\"1c5736f\" data-element_type=\"container\" data-e-type=\"container\" data-settings=\"{&quot;background_background&quot;:&quot;classic&quot;}\">\n\t\t\t\t<div class=\"elementor-element elementor-element-4d96f10 elementor-widget elementor-widget-spacer\" data-id=\"4d96f10\" data-element_type=\"widget\" data-e-type=\"widget\" data-widget_type=\"spacer.default\">\n\t\t\t\t<div class=\"elementor-widget-container\">\n\t\t\t\t\t\t\t<div class=\"elementor-spacer\">\n\t\t\t<div class=\"elementor-spacer-inner\"><\/div>\n\t\t<\/div>\n\t\t\t\t\t\t<\/div>\n\t\t\t\t<\/div>\n\t\t\t\t<\/div>\n\t\t<div class=\"elementor-element elementor-element-fcf9d95 e-con-full e-flex e-con e-child\" data-id=\"fcf9d95\" data-element_type=\"container\" data-e-type=\"container\">\n\t\t\t\t<div class=\"elementor-element elementor-element-b3fd120 elementor-widget__width-initial elementor-widget elementor-widget-heading\" data-id=\"b3fd120\" data-element_type=\"widget\" data-e-type=\"widget\" data-widget_type=\"heading.default\">\n\t\t\t\t<div class=\"elementor-widget-container\">\n\t\t\t\t\t<h4 class=\"elementor-heading-title elementor-size-default\">Rejouer le concert des Beatles<\/h4>\t\t\t\t<\/div>\n\t\t\t\t<\/div>\n\t\t\t\t<div class=\"elementor-element elementor-element-69efa64 elementor-widget__width-initial elementor-widget elementor-widget-heading\" data-id=\"69efa64\" data-element_type=\"widget\" data-e-type=\"widget\" data-widget_type=\"heading.default\">\n\t\t\t\t<div class=\"elementor-widget-container\">\n\t\t\t\t\t<h6 class=\"elementor-heading-title elementor-size-default\">24 octobre 2019<\/h6>\t\t\t\t<\/div>\n\t\t\t\t<\/div>\n\t\t\t\t<div class=\"elementor-element elementor-element-5ad0530 elementor-widget elementor-widget-text-editor\" data-id=\"5ad0530\" data-element_type=\"widget\" data-e-type=\"widget\" data-widget_type=\"text-editor.default\">\n\t\t\t\t<div class=\"elementor-widget-container\">\n\t\t\t\t\t\t\t\t\t<p>Une soir\u00e9e \u00e9nergique remplie de musique et de nostalgie, cette collecte de fonds a rassembl\u00e9 la communaut\u00e9 pour soutenir les initiatives de soins contre le cancer de la FOVM. Avec un groupe de musique en hommage aux Beatles et une atmosph\u00e8re anim\u00e9e, l&rsquo;\u00e9v\u00e9nement a permis de collecter des fonds et de sensibiliser l&rsquo;opinion publique.<\/p>\t\t\t\t\t\t\t\t<\/div>\n\t\t\t\t<\/div>\n\t\t\t\t<\/div>\n\t\t\t\t<\/div>\n\t\t<div class=\"elementor-element elementor-element-0971e8e e-con-full e-flex e-con e-child\" data-id=\"0971e8e\" data-element_type=\"container\" data-e-type=\"container\" data-settings=\"{&quot;background_background&quot;:&quot;classic&quot;}\">\n\t\t<div class=\"elementor-element elementor-element-308107e e-con-full e-flex e-con e-child\" data-id=\"308107e\" data-element_type=\"container\" data-e-type=\"container\" data-settings=\"{&quot;background_background&quot;:&quot;classic&quot;}\">\n\t\t\t\t<div class=\"elementor-element elementor-element-2686a23 elementor-widget elementor-widget-spacer\" data-id=\"2686a23\" data-element_type=\"widget\" data-e-type=\"widget\" data-widget_type=\"spacer.default\">\n\t\t\t\t<div class=\"elementor-widget-container\">\n\t\t\t\t\t\t\t<div class=\"elementor-spacer\">\n\t\t\t<div class=\"elementor-spacer-inner\"><\/div>\n\t\t<\/div>\n\t\t\t\t\t\t<\/div>\n\t\t\t\t<\/div>\n\t\t\t\t<\/div>\n\t\t<div class=\"elementor-element elementor-element-ab59577 e-con-full e-flex e-con e-child\" data-id=\"ab59577\" data-element_type=\"container\" data-e-type=\"container\">\n\t\t\t\t<div class=\"elementor-element elementor-element-2497115 elementor-widget__width-initial elementor-widget elementor-widget-heading\" data-id=\"2497115\" data-element_type=\"widget\" data-e-type=\"widget\" data-widget_type=\"heading.default\">\n\t\t\t\t<div class=\"elementor-widget-container\">\n\t\t\t\t\t<h4 class=\"elementor-heading-title elementor-size-default\">Les s\u0153urs d'Artizan s'unissent<\/h4>\t\t\t\t<\/div>\n\t\t\t\t<\/div>\n\t\t\t\t<div class=\"elementor-element elementor-element-01dd491 elementor-widget__width-initial elementor-widget elementor-widget-heading\" data-id=\"01dd491\" data-element_type=\"widget\" data-e-type=\"widget\" data-widget_type=\"heading.default\">\n\t\t\t\t<div class=\"elementor-widget-container\">\n\t\t\t\t\t<h6 class=\"elementor-heading-title elementor-size-default\">3 et 4 octobre 2019<\/h6>\t\t\t\t<\/div>\n\t\t\t\t<\/div>\n\t\t\t\t<div class=\"elementor-element elementor-element-b934f33 elementor-widget elementor-widget-text-editor\" data-id=\"b934f33\" data-element_type=\"widget\" data-e-type=\"widget\" data-widget_type=\"text-editor.default\">\n\t\t\t\t<div class=\"elementor-widget-container\">\n\t\t\t\t\t\t\t\t\t<p>Cet \u00e9v\u00e9nement de deux jours a mis en lumi\u00e8re un groupe de femmes cr\u00e9atives &#8211; survivantes du cancer et d\u00e9fenseurs de la cause &#8211; qui ont partag\u00e9 leur parcours par le biais d&rsquo;\u0153uvres d&rsquo;art artisanales, de r\u00e9cits et de dialogues. L&rsquo;\u00e9v\u00e9nement a mis l&rsquo;accent sur l&rsquo;autonomisation, la r\u00e9silience et la gu\u00e9rison par l&rsquo;expression.<\/p>\t\t\t\t\t\t\t\t<\/div>\n\t\t\t\t<\/div>\n\t\t\t\t<\/div>\n\t\t\t\t<\/div>\n\t\t<div class=\"elementor-element elementor-element-a5720fa e-con-full e-flex e-con e-child\" data-id=\"a5720fa\" data-element_type=\"container\" data-e-type=\"container\" data-settings=\"{&quot;background_background&quot;:&quot;classic&quot;}\">\n\t\t<div class=\"elementor-element elementor-element-a408431 e-con-full e-flex e-con e-child\" data-id=\"a408431\" data-element_type=\"container\" data-e-type=\"container\" data-settings=\"{&quot;background_background&quot;:&quot;classic&quot;}\">\n\t\t\t\t<div class=\"elementor-element elementor-element-37f2f46 elementor-widget elementor-widget-spacer\" data-id=\"37f2f46\" data-element_type=\"widget\" data-e-type=\"widget\" data-widget_type=\"spacer.default\">\n\t\t\t\t<div class=\"elementor-widget-container\">\n\t\t\t\t\t\t\t<div class=\"elementor-spacer\">\n\t\t\t<div class=\"elementor-spacer-inner\"><\/div>\n\t\t<\/div>\n\t\t\t\t\t\t<\/div>\n\t\t\t\t<\/div>\n\t\t\t\t<\/div>\n\t\t<div class=\"elementor-element elementor-element-87aa862 e-con-full e-flex e-con e-child\" data-id=\"87aa862\" data-element_type=\"container\" data-e-type=\"container\">\n\t\t\t\t<div class=\"elementor-element elementor-element-8fa4287 elementor-widget__width-initial elementor-widget elementor-widget-heading\" data-id=\"8fa4287\" data-element_type=\"widget\" data-e-type=\"widget\" data-widget_type=\"heading.default\">\n\t\t\t\t<div class=\"elementor-widget-container\">\n\t\t\t\t\t<h4 class=\"elementor-heading-title elementor-size-default\">Pique-nique barbecue de la FOVM<\/h4>\t\t\t\t<\/div>\n\t\t\t\t<\/div>\n\t\t\t\t<div class=\"elementor-element elementor-element-8530c91 elementor-widget__width-initial elementor-widget elementor-widget-heading\" data-id=\"8530c91\" data-element_type=\"widget\" data-e-type=\"widget\" data-widget_type=\"heading.default\">\n\t\t\t\t<div class=\"elementor-widget-container\">\n\t\t\t\t\t<h6 class=\"elementor-heading-title elementor-size-default\">4 ao\u00fbt 2019<\/h6>\t\t\t\t<\/div>\n\t\t\t\t<\/div>\n\t\t\t\t<div class=\"elementor-element elementor-element-e4279fd elementor-widget elementor-widget-text-editor\" data-id=\"e4279fd\" data-element_type=\"widget\" data-e-type=\"widget\" data-widget_type=\"text-editor.default\">\n\t\t\t\t<div class=\"elementor-widget-container\">\n\t\t\t\t\t\t\t\t\t<p>Un joyeux rassemblement estival pour les patients, les familles et les sympathisants. Dans un espace d\u00e9contract\u00e9 et en plein air, l&rsquo;\u00e9v\u00e9nement a offert de la bonne nourriture, des rires et des conversations int\u00e9ressantes, renfor\u00e7ant ainsi la communaut\u00e9 qui soutient la mission de la FOVM.<\/p>\t\t\t\t\t\t\t\t<\/div>\n\t\t\t\t<\/div>\n\t\t\t\t<\/div>\n\t\t\t\t<\/div>\n\t\t<div class=\"elementor-element elementor-element-200b88b e-con-full e-flex e-con e-child\" data-id=\"200b88b\" data-element_type=\"container\" data-e-type=\"container\" data-settings=\"{&quot;background_background&quot;:&quot;classic&quot;}\">\n\t\t<div class=\"elementor-element elementor-element-2c756fb e-con-full e-flex e-con e-child\" data-id=\"2c756fb\" data-element_type=\"container\" data-e-type=\"container\" data-settings=\"{&quot;background_background&quot;:&quot;classic&quot;}\">\n\t\t\t\t<div class=\"elementor-element elementor-element-2a1cdc4 elementor-widget elementor-widget-spacer\" data-id=\"2a1cdc4\" data-element_type=\"widget\" data-e-type=\"widget\" data-widget_type=\"spacer.default\">\n\t\t\t\t<div class=\"elementor-widget-container\">\n\t\t\t\t\t\t\t<div class=\"elementor-spacer\">\n\t\t\t<div class=\"elementor-spacer-inner\"><\/div>\n\t\t<\/div>\n\t\t\t\t\t\t<\/div>\n\t\t\t\t<\/div>\n\t\t\t\t<\/div>\n\t\t<div class=\"elementor-element elementor-element-5dae40b e-con-full e-flex e-con e-child\" data-id=\"5dae40b\" data-element_type=\"container\" data-e-type=\"container\">\n\t\t\t\t<div class=\"elementor-element elementor-element-cad5ef7 elementor-widget__width-initial elementor-widget elementor-widget-heading\" data-id=\"cad5ef7\" data-element_type=\"widget\" data-e-type=\"widget\" data-widget_type=\"heading.default\">\n\t\t\t\t<div class=\"elementor-widget-container\">\n\t\t\t\t\t<h4 class=\"elementor-heading-title elementor-size-default\">D\u00eener de relance de la FOVM<\/h4>\t\t\t\t<\/div>\n\t\t\t\t<\/div>\n\t\t\t\t<div class=\"elementor-element elementor-element-c240eae elementor-widget__width-initial elementor-widget elementor-widget-heading\" data-id=\"c240eae\" data-element_type=\"widget\" data-e-type=\"widget\" data-widget_type=\"heading.default\">\n\t\t\t\t<div class=\"elementor-widget-container\">\n\t\t\t\t\t<h6 class=\"elementor-heading-title elementor-size-default\">7 mars 2018<\/h6>\t\t\t\t<\/div>\n\t\t\t\t<\/div>\n\t\t\t\t<div class=\"elementor-element elementor-element-1858b11 elementor-widget elementor-widget-text-editor\" data-id=\"1858b11\" data-element_type=\"widget\" data-e-type=\"widget\" data-widget_type=\"text-editor.default\">\n\t\t\t\t<div class=\"elementor-widget-container\">\n\t\t\t\t\t\t\t\t\t<p>Le comit\u00e9 de planification de la Fondation d&rsquo;oncologie Ville Marie (FOVM) souhaite remercier tous ceux qui ont particip\u00e9 \u00e0 son \u00e9v\u00e9nement sp\u00e9cial de relance qui s&rsquo;est d\u00e9roul\u00e9 le 7 mars 2018 au Ferreira Caf\u00e9, au cours duquel la FOVM a pr\u00e9sent\u00e9 ses missions locales et internationales. Nous tenons \u00e0 exprimer notre reconnaissance et notre sinc\u00e8re gratitude \u00e0 ceux qui ont d\u00een\u00e9 avec nous et qui ont d\u00e9j\u00e0 fait un don g\u00e9n\u00e9reux.<\/p><p>Aidez-nous \u00e0 promouvoir un acc\u00e8s ambulatoire rapide (hors de l&rsquo;h\u00f4pital) \u00e0 une technologie optimale, \u00e0 l&rsquo;expertise et aux services de soutien qui am\u00e9lioreront la pr\u00e9vention du cancer du sein, le d\u00e9pistage pr\u00e9coce, le traitement opportun et la survie, et aidez la FOVM \u00e0 participer \u00e0 la guerre mondiale contre le cancer du sein dans les pays pauvres. Un grand merci \u00e0 tous ceux qui ont particip\u00e9 \u00e0 l&rsquo;organisation de cette belle soir\u00e9e, notamment Carlos Ferreira, Damiao Santos , H\u00e9l\u00e8ne B\u00e9langer et nos sponsors, dont Air Canada.<\/p>\t\t\t\t\t\t\t\t<\/div>\n\t\t\t\t<\/div>\n\t\t\t\t<\/div>\n\t\t\t\t<\/div>\n\t\t\t\t\t<\/div>\n\t\t\t\t<\/div>\n\t\t\t\t<\/div>\n\t\t","protected":false},"excerpt":{"rendered":"<p>Ev\u00e9nements \u00c0 la Fondation d&rsquo;oncologie Ville Marie (FOVM), nos \u00e9v\u00e9nements sont plus que des rassemblements &#8211; ce sont des moments d&rsquo;impact, de connexion et de raison d&rsquo;\u00eatre. Par le biais de d\u00eeners intimes, d&rsquo;exp\u00e9riences culturelles et de campagnes de sensibilisation, nous recueillons un soutien vital pour les soins li\u00e9s au cancer du sein au Canada [&hellip;]<\/p>\n","protected":false},"author":1,"featured_media":0,"parent":0,"menu_order":0,"comment_status":"closed","ping_status":"closed","template":"elementor_header_footer","meta":{"site-sidebar-layout":"no-sidebar","site-content-layout":"page-builder","ast-site-content-layout":"full-width-container","site-content-style":"default","site-sidebar-style":"default","ast-global-header-display":"","ast-banner-title-visibility":"disabled","ast-main-header-display":"","ast-hfb-above-header-display":"","ast-hfb-below-header-display":"","ast-hfb-mobile-header-display":"","site-post-title":"disabled","ast-breadcrumbs-content":"","ast-featured-img":"disabled","footer-sml-layout":"","ast-disable-related-posts":"","theme-transparent-header-meta":"enabled","adv-header-id-meta":"","stick-header-meta":"","header-above-stick-meta":"","header-main-stick-meta":"","header-below-stick-meta":"","astra-migrate-meta-layouts":"default","ast-page-background-enabled":"default","ast-page-background-meta":{"desktop":{"background-color":"var(--ast-global-color-4)","background-image":"","background-repeat":"repeat","background-position":"center center","background-size":"auto","background-attachment":"scroll","background-type":"","background-media":"","overlay-type":"","overlay-color":"","overlay-opacity":"","overlay-gradient":""},"tablet":{"background-color":"","background-image":"","background-repeat":"repeat","background-position":"center center","background-size":"auto","background-attachment":"scroll","background-type":"","background-media":"","overlay-type":"","overlay-color":"","overlay-opacity":"","overlay-gradient":""},"mobile":{"background-color":"","background-image":"","background-repeat":"repeat","background-position":"center center","background-size":"auto","background-attachment":"scroll","background-type":"","background-media":"","overlay-type":"","overlay-color":"","overlay-opacity":"","overlay-gradient":""}},"ast-content-background-meta":{"desktop":{"background-color":"var(--ast-global-color-5)","background-image":"","background-repeat":"repeat","background-position":"center center","background-size":"auto","background-attachment":"scroll","background-type":"","background-media":"","overlay-type":"","overlay-color":"","overlay-opacity":"","overlay-gradient":""},"tablet":{"background-color":"var(--ast-global-color-5)","background-image":"","background-repeat":"repeat","background-position":"center center","background-size":"auto","background-attachment":"scroll","background-type":"","background-media":"","overlay-type":"","overlay-color":"","overlay-opacity":"","overlay-gradient":""},"mobile":{"background-color":"var(--ast-global-color-5)","background-image":"","background-repeat":"repeat","background-position":"center center","background-size":"auto","background-attachment":"scroll","background-type":"","background-media":"","overlay-type":"","overlay-color":"","overlay-opacity":"","overlay-gradient":""}},"footnotes":""},"class_list":["post-3399","page","type-page","status-publish","hentry"],"_links":{"self":[{"href":"https:\/\/www.vmof.org\/fr\/wp-json\/wp\/v2\/pages\/3399","targetHints":{"allow":["GET"]}}],"collection":[{"href":"https:\/\/www.vmof.org\/fr\/wp-json\/wp\/v2\/pages"}],"about":[{"href":"https:\/\/www.vmof.org\/fr\/wp-json\/wp\/v2\/types\/page"}],"author":[{"embeddable":true,"href":"https:\/\/www.vmof.org\/fr\/wp-json\/wp\/v2\/users\/1"}],"replies":[{"embeddable":true,"href":"https:\/\/www.vmof.org\/fr\/wp-json\/wp\/v2\/comments?post=3399"}],"version-history":[{"count":0,"href":"https:\/\/www.vmof.org\/fr\/wp-json\/wp\/v2\/pages\/3399\/revisions"}],"wp:attachment":[{"href":"https:\/\/www.vmof.org\/fr\/wp-json\/wp\/v2\/media?parent=3399"}],"curies":[{"name":"wp","href":"https:\/\/api.w.org\/{rel}","templated":true}]}}