{"id":3902,"date":"2026-02-12T11:14:50","date_gmt":"2026-02-12T16:14:50","guid":{"rendered":"https:\/\/www.vmof.org\/?page_id=3902"},"modified":"2026-02-13T10:03:21","modified_gmt":"2026-02-13T15:03:21","slug":"politique-de-confidentialite","status":"publish","type":"page","link":"https:\/\/www.vmof.org\/fr\/politique-de-confidentialite\/","title":{"rendered":"Politique de confidentialit\u00e9"},"content":{"rendered":"\t\t<div data-elementor-type=\"wp-page\" data-elementor-id=\"3902\" class=\"elementor elementor-3902 elementor-3883\" data-elementor-post-type=\"page\">\n\t\t\t\t<div class=\"elementor-element elementor-element-4b77263 e-flex e-con-boxed e-con e-parent\" data-id=\"4b77263\" data-element_type=\"container\" data-e-type=\"container\" data-settings=\"{&quot;background_background&quot;:&quot;classic&quot;}\">\n\t\t\t\t\t<div class=\"e-con-inner\">\n\t\t\t\t<div class=\"elementor-element elementor-element-2a6b958 elementor-widget__width-initial elementor-widget elementor-widget-image-box\" data-id=\"2a6b958\" data-element_type=\"widget\" data-e-type=\"widget\" data-widget_type=\"image-box.default\">\n\t\t\t\t<div class=\"elementor-widget-container\">\n\t\t\t\t\t<div class=\"elementor-image-box-wrapper\"><div class=\"elementor-image-box-content\"><h1 class=\"elementor-image-box-title\">Politique de confidentialit\u00e9<\/h1><\/div><\/div>\t\t\t\t<\/div>\n\t\t\t\t<\/div>\n\t\t\t\t\t<\/div>\n\t\t\t\t<\/div>\n\t\t<div class=\"elementor-element elementor-element-4139deb e-flex e-con-boxed e-con e-parent\" data-id=\"4139deb\" data-element_type=\"container\" data-e-type=\"container\" data-settings=\"{&quot;background_background&quot;:&quot;classic&quot;}\">\n\t\t\t\t\t<div class=\"e-con-inner\">\n\t\t\t\t<div class=\"elementor-element elementor-element-eece387 elementor-widget elementor-widget-text-editor\" data-id=\"eece387\" data-element_type=\"widget\" data-e-type=\"widget\" data-widget_type=\"text-editor.default\">\n\t\t\t\t<div class=\"elementor-widget-container\">\n\t\t\t\t\t\t\t\t\tLa Fondation d&rsquo;oncologie Ville Marie, enregistr\u00e9e au 1538, rue Sherbrooke Ouest, bureau 1002, Montr\u00e9al (Qu\u00e9bec) H3G 1L5, recueille vos renseignements personnels au moyen de formulaires, par t\u00e9l\u00e9phone ou en personne, afin de vous contacter pour vous fournir des informations sur ses activit\u00e9s et mises \u00e0 jour, vous informer des possibilit\u00e9s de dons et des \u00e9v\u00e9nements de collecte de fonds, traiter votre don, \u00e9mettre un re\u00e7u fiscal et vous proposer d&rsquo;autres moyens de nous soutenir. Nous pouvons vous contacter par courrier, courriel, ou t\u00e9l\u00e9phone. Nous pouvons partager vos renseignements personnels avec des tiers, y compris des processeurs de paiement et des partenaires, \u00e0 l&rsquo;int\u00e9rieur ou \u00e0 l&rsquo;ext\u00e9rieur de votre province ou territoire, ou \u00e0 l&rsquo;ext\u00e9rieur du Canada, et uniquement aux fins identifi\u00e9es ci-dessus ou conform\u00e9ment \u00e0 la loi. Vous pouvez exercer votre droit d&rsquo;acc\u00e8s \u00e0 vos renseignements, demander des modifications, vous d\u00e9sabonner des communications ou retirer votre consentement en appelant le (514) 789-3899 ou en envoyant un courriel \u00e0 vmof@vmmed.com. En nous fournissant vos renseignements personnels, vous consentez \u00e0 ce que nous utilisions et divulguions ces informations comme indiqu\u00e9 dans le pr\u00e9sent avis.\t\t\t\t\t\t\t\t<\/div>\n\t\t\t\t<\/div>\n\t\t\t\t\t<\/div>\n\t\t\t\t<\/div>\n\t\t\t\t<\/div>\n\t\t","protected":false},"excerpt":{"rendered":"<p>Politique de confidentialit\u00e9 La Fondation d&rsquo;oncologie Ville Marie, enregistr\u00e9e au 1538, rue Sherbrooke Ouest, bureau 1002, Montr\u00e9al (Qu\u00e9bec) H3G 1L5, recueille vos renseignements personnels au moyen de formulaires, par t\u00e9l\u00e9phone ou en personne, afin de vous contacter pour vous fournir des informations sur ses activit\u00e9s et mises \u00e0 jour, vous informer des possibilit\u00e9s de dons [&hellip;]<\/p>\n","protected":false},"author":1,"featured_media":0,"parent":0,"menu_order":0,"comment_status":"closed","ping_status":"closed","template":"elementor_header_footer","meta":{"site-sidebar-layout":"no-sidebar","site-content-layout":"page-builder","ast-site-content-layout":"full-width-container","site-content-style":"default","site-sidebar-style":"default","ast-global-header-display":"","ast-banner-title-visibility":"","ast-main-header-display":"","ast-hfb-above-header-display":"","ast-hfb-below-header-display":"","ast-hfb-mobile-header-display":"","site-post-title":"disabled","ast-breadcrumbs-content":"","ast-featured-img":"disabled","footer-sml-layout":"","ast-disable-related-posts":"","theme-transparent-header-meta":"enabled","adv-header-id-meta":"","stick-header-meta":"","header-above-stick-meta":"","header-main-stick-meta":"","header-below-stick-meta":"","astra-migrate-meta-layouts":"set","ast-page-background-enabled":"default","ast-page-background-meta":{"desktop":{"background-color":"var(--ast-global-color-4)","background-image":"","background-repeat":"repeat","background-position":"center center","background-size":"auto","background-attachment":"scroll","background-type":"","background-media":"","overlay-type":"","overlay-color":"","overlay-opacity":"","overlay-gradient":""},"tablet":{"background-color":"","background-image":"","background-repeat":"repeat","background-position":"center center","background-size":"auto","background-attachment":"scroll","background-type":"","background-media":"","overlay-type":"","overlay-color":"","overlay-opacity":"","overlay-gradient":""},"mobile":{"background-color":"","background-image":"","background-repeat":"repeat","background-position":"center center","background-size":"auto","background-attachment":"scroll","background-type":"","background-media":"","overlay-type":"","overlay-color":"","overlay-opacity":"","overlay-gradient":""}},"ast-content-background-meta":{"desktop":{"background-color":"var(--ast-global-color-5)","background-image":"","background-repeat":"repeat","background-position":"center center","background-size":"auto","background-attachment":"scroll","background-type":"","background-media":"","overlay-type":"","overlay-color":"","overlay-opacity":"","overlay-gradient":""},"tablet":{"background-color":"var(--ast-global-color-5)","background-image":"","background-repeat":"repeat","background-position":"center center","background-size":"auto","background-attachment":"scroll","background-type":"","background-media":"","overlay-type":"","overlay-color":"","overlay-opacity":"","overlay-gradient":""},"mobile":{"background-color":"var(--ast-global-color-5)","background-image":"","background-repeat":"repeat","background-position":"center center","background-size":"auto","background-attachment":"scroll","background-type":"","background-media":"","overlay-type":"","overlay-color":"","overlay-opacity":"","overlay-gradient":""}},"footnotes":""},"class_list":["post-3902","page","type-page","status-publish","hentry"],"_links":{"self":[{"href":"https:\/\/www.vmof.org\/fr\/wp-json\/wp\/v2\/pages\/3902","targetHints":{"allow":["GET"]}}],"collection":[{"href":"https:\/\/www.vmof.org\/fr\/wp-json\/wp\/v2\/pages"}],"about":[{"href":"https:\/\/www.vmof.org\/fr\/wp-json\/wp\/v2\/types\/page"}],"author":[{"embeddable":true,"href":"https:\/\/www.vmof.org\/fr\/wp-json\/wp\/v2\/users\/1"}],"replies":[{"embeddable":true,"href":"https:\/\/www.vmof.org\/fr\/wp-json\/wp\/v2\/comments?post=3902"}],"version-history":[{"count":8,"href":"https:\/\/www.vmof.org\/fr\/wp-json\/wp\/v2\/pages\/3902\/revisions"}],"predecessor-version":[{"id":3921,"href":"https:\/\/www.vmof.org\/fr\/wp-json\/wp\/v2\/pages\/3902\/revisions\/3921"}],"wp:attachment":[{"href":"https:\/\/www.vmof.org\/fr\/wp-json\/wp\/v2\/media?parent=3902"}],"curies":[{"name":"wp","href":"https:\/\/api.w.org\/{rel}","templated":true}]}}